{"id":4636,"date":"2021-05-29T07:36:34","date_gmt":"2021-05-29T07:36:34","guid":{"rendered":"https:\/\/demo.codeworkweb.com\/cww-portfolio\/main\/?page_id=4"},"modified":"2025-08-16T10:16:16","modified_gmt":"2025-08-16T14:16:16","slug":"livres","status":"publish","type":"page","link":"https:\/\/www.olivierniquet.com\/index.php\/livres\/","title":{"rendered":"Livres"},"content":{"rendered":"\n<p>Livre jeunesse: <a href=\"https:\/\/www.editionsmichelquintin.ca\/produit\/2567-le-hockey.html?Critere=hockey\">Savais-tu &#8211; Le hockey<\/a><\/p>\n\n\n\n<p>Essai: <a href=\"https:\/\/www.leslibraires.ca\/livres\/les-rois-du-silence-olivier-niquet-9782925110309.html\">Les rois du silence<\/a> &#8211; ce qu\u2019on peut apprendre des introvertis pour \u00eatre un peu moins d\u00e9biles et (peut-\u00eatre) sauver le monde (disponible en <a href=\"https:\/\/ici.radio-canada.ca\/ohdio\/livres-audio\/105948\/les-rois-du-silence\">livre audio<\/a>).<\/p>\n\n\n\n<p>Recueil de citations sportives: <a href=\"https:\/\/www.leslibraires.ca\/livres\/dans-mon-livre-a-moi-t-olivier-niquet-9782981226440.html\">Dans mon livre \u00e0 moi tome 2<\/a>.<\/p>\n\n\n\n<p>Recueil de citations politiques: <a href=\"https:\/\/www.leslibraires.ca\/livres\/dans-mon-livre-a-moi-olivier-niquet-9782981226419.html\">Le club des mal cit\u00e9s.<\/a><\/p>\n\n\n\n<p>Recueil de citations sportives: <a href=\"https:\/\/www.leslibraires.ca\/livres\/dans-mon-livre-a-moi-olivier-niquet-9782981226419.html\">Dans mon livre \u00e0 moi<\/a>.<\/p>\n","protected":false},"excerpt":{"rendered":"<p>Livre jeunesse: Savais-tu &#8211; Le hockey Essai: Les rois du silence &#8211; ce qu\u2019on peut apprendre des introvertis pour \u00eatre un peu moins d\u00e9biles et (peut-\u00eatre) sauver le monde (disponible en livre audio). Recueil de citations sportives: Dans mon livre \u00e0 moi tome 2. Recueil de citations politiques: Le club des mal cit\u00e9s. Recueil de [&hellip;]<\/p>\n","protected":false},"author":1,"featured_media":0,"parent":0,"menu_order":0,"comment_status":"closed","ping_status":"closed","template":"home-tmpl.php","meta":{"footnotes":""},"class_list":["post-4636","page","type-page","status-publish","hentry"],"jetpack_sharing_enabled":true,"_links":{"self":[{"href":"https:\/\/www.olivierniquet.com\/index.php\/wp-json\/wp\/v2\/pages\/4636","targetHints":{"allow":["GET"]}}],"collection":[{"href":"https:\/\/www.olivierniquet.com\/index.php\/wp-json\/wp\/v2\/pages"}],"about":[{"href":"https:\/\/www.olivierniquet.com\/index.php\/wp-json\/wp\/v2\/types\/page"}],"author":[{"embeddable":true,"href":"https:\/\/www.olivierniquet.com\/index.php\/wp-json\/wp\/v2\/users\/1"}],"replies":[{"embeddable":true,"href":"https:\/\/www.olivierniquet.com\/index.php\/wp-json\/wp\/v2\/comments?post=4636"}],"version-history":[{"count":3,"href":"https:\/\/www.olivierniquet.com\/index.php\/wp-json\/wp\/v2\/pages\/4636\/revisions"}],"predecessor-version":[{"id":6010,"href":"https:\/\/www.olivierniquet.com\/index.php\/wp-json\/wp\/v2\/pages\/4636\/revisions\/6010"}],"wp:attachment":[{"href":"https:\/\/www.olivierniquet.com\/index.php\/wp-json\/wp\/v2\/media?parent=4636"}],"curies":[{"name":"wp","href":"https:\/\/api.w.org\/{rel}","templated":true}]}}