{"id":3900,"date":"2022-06-14T17:12:26","date_gmt":"2022-06-14T21:12:26","guid":{"rendered":"https:\/\/olivierniquet.com\/coming-soon\/"},"modified":"2022-06-14T17:12:26","modified_gmt":"2022-06-14T21:12:26","slug":"a-propos","status":"publish","type":"page","link":"https:\/\/www.olivierniquet.com\/index.php\/a-propos\/","title":{"rendered":"\u00c0 propos"},"content":{"rendered":"\n<p>Olivier Niquet a \u00e9tudi\u00e9 en urbanisme avant de devenir animateur \u00e0 la radio de Radio-Canada dans les \u00e9missions Le Sportnographe et La soir\u00e9e est (encore) jeune. Il est maintenant chroniqueur et coanimateur de l&rsquo;\u00e9mission quotidienne La journ\u00e9e (est encore jeune) sur ICI Premi\u00e8re. Il est aussi chroniqueur, <a href=\"https:\/\/olivierniquet.com\/livres\/\">auteur<\/a>, <a href=\"https:\/\/olivierniquet.com\/conferences\/\">conf\u00e9rencier<\/a>, sc\u00e9nariste et toutes sortes d&rsquo;autres choses. Il s&rsquo;int\u00e9resse particuli\u00e8rement aux m\u00e9dias, \u00e0 l&rsquo;urbanisme et au sport, mais se d\u00e9finit comme un expert en polyvalence.<\/p>\n\n\n\n<p>Il est le fondateur des sites <a href=\"https:\/\/sportnographe.com\/\">Le Sportnographe<\/a> et <a href=\"https:\/\/leclubdesmalcites.com\/\">Le club des mal cit\u00e9s<\/a>.<\/p>\n\n\n\n<p>Olivier est d\u00e9tenteur d&rsquo;un certificat en administration des affaires de l&rsquo;UQAM, d&rsquo;un baccalaur\u00e9at en urbanisme de l&rsquo;UQAM et d&rsquo;une ma\u00eetrise en \u00e9tudes urbaines de l&rsquo;INRS. Son m\u00e9moire de ma\u00eetrise portait sur \u201c<a href=\"http:\/\/espace.inrs.ca\/93\/\">La participation citoyenne au d\u00e9bat public sur l\u2019am\u00e9nagement urbain par l\u2019entremise des blogues<\/a>\u201d.<\/p>\n\n\n\n<p>Il a obtenu la bourse d&rsquo;excellence de l&rsquo;INRS, une bourse de recherche d&rsquo;Hydro-Qu\u00e9bec et une bourse du Conseil de Recherche du Canada en Sciences Humaines (CRSH).<\/p>\n\n\n\n<p>Nomm\u00e9 \u00e0 de nombreuses reprises au Gala des Olivier et au Gala des G\u00e9meaux, il a gagn\u00e9 avec La soir\u00e9e est (encore) jeune un Olivier et un G\u00e9meaux dans la cat\u00e9gorie \u00ab\u00a0Textes humour\u00a0\u00bb. Il a aussi remport\u00e9 un prix Boomerang pour le web-documentaire <a href=\"http:\/\/mythes.onf.ca\/\">Mythes 2.0<\/a> et a particip\u00e9 \u00e0 la cr\u00e9ation de l&rsquo;application <a href=\"https:\/\/pigeonvoyageur.trestrescourt.com\/fr\">Pigeon Voyageur<\/a>&nbsp;avec l\u2019ONF, gagnante d&rsquo;un prix NUMIX.<\/p>\n\n\n\n<p>Olivier a coanim\u00e9 un Gala des Numix et un Gala des artisans des G\u00e9meaux. Il a \u00e9t\u00e9 membre du jury pour le prix&nbsp;<a href=\"http:\/\/prixlizettegervais.com\/a-propos-du-prix\/\">Lizette-Gervais<\/a>&nbsp;pour la radio, co-porte-parole de la Grande r\u00e9colte pour les enfants de Moisson Montr\u00e9al et porte-parole de Pi\u00e9tons Qu\u00e9bec.<\/p>\n\n\n\n<p>Il a sc\u00e9naris\u00e9 la s\u00e9rie documentaire MTL en temps et lieux diffus\u00e9e sur T\u00e9l\u00e9-Qu\u00e9bec, anim\u00e9 la s\u00e9rie documentaire <a href=\"https:\/\/savoir.media\/series\/ma-ville-aux-rayons-x\">Ma ville aux rayons X<\/a> sur Savoir M\u00e9dia ainsi que des capsules sur les bonnes pratiques municipales pour le Minist\u00e8re des affaires municipales et de l&rsquo;habitation.<\/p>\n\n\n\n<p>Sur sc\u00e8ne, il a particip\u00e9 au spectacle Pr\u00e9dictions 2017 pendant huit soirs au Th\u00e9\u00e2tre St-Denis, \u00e0 la Presque 500e de La soir\u00e9e est (encore) jeune sur la Place des festivals, \u00e0 un gala des Olivier et \u00e0 deux galas de Com\u00e9diha.<\/p>\n\n\n\n<p>Au fil des ann\u00e9es, il a \u00e9crit pour le Journal M\u00e9tro, La Presse, Voir, URBANIA et L&rsquo;actualit\u00e9.<\/p>\n\n\n\n<p>Il a collabor\u00e9 aux \u00e9missions La semaine des 4 Julie, Infoman, Tout un matin, Gravel le matin, On dira ce qu&rsquo;on voudra, 5 \u00e0 7 aux \u00eeles avec Julie, JS Tendresse, Bienvenue en 2067 et Deux hommes en or.<\/p>\n\n\n\n<p>Il anime depuis 2016 les B\u00eatisiers de fin d&rsquo;ann\u00e9e sur ICI Premi\u00e8re.<\/p>\n","protected":false},"excerpt":{"rendered":"<p>Olivier Niquet a \u00e9tudi\u00e9 en urbanisme avant de devenir animateur \u00e0 la radio de Radio-Canada dans les \u00e9missions Le Sportnographe et La soir\u00e9e est (encore) jeune. Il est maintenant chroniqueur et coanimateur de l&rsquo;\u00e9mission quotidienne La journ\u00e9e (est encore jeune) sur ICI Premi\u00e8re. Il est aussi chroniqueur, auteur, conf\u00e9rencier, sc\u00e9nariste et toutes sortes d&rsquo;autres choses. [&hellip;]<\/p>\n","protected":false},"author":1,"featured_media":0,"parent":0,"menu_order":0,"comment_status":"closed","ping_status":"closed","template":"","meta":{"footnotes":""},"class_list":["post-3900","page","type-page","status-publish","hentry"],"jetpack_sharing_enabled":true,"_links":{"self":[{"href":"https:\/\/www.olivierniquet.com\/index.php\/wp-json\/wp\/v2\/pages\/3900","targetHints":{"allow":["GET"]}}],"collection":[{"href":"https:\/\/www.olivierniquet.com\/index.php\/wp-json\/wp\/v2\/pages"}],"about":[{"href":"https:\/\/www.olivierniquet.com\/index.php\/wp-json\/wp\/v2\/types\/page"}],"author":[{"embeddable":true,"href":"https:\/\/www.olivierniquet.com\/index.php\/wp-json\/wp\/v2\/users\/1"}],"replies":[{"embeddable":true,"href":"https:\/\/www.olivierniquet.com\/index.php\/wp-json\/wp\/v2\/comments?post=3900"}],"version-history":[{"count":0,"href":"https:\/\/www.olivierniquet.com\/index.php\/wp-json\/wp\/v2\/pages\/3900\/revisions"}],"wp:attachment":[{"href":"https:\/\/www.olivierniquet.com\/index.php\/wp-json\/wp\/v2\/media?parent=3900"}],"curies":[{"name":"wp","href":"https:\/\/api.w.org\/{rel}","templated":true}]}}