{"id":13,"date":"2012-11-18T18:41:37","date_gmt":"2012-11-18T17:41:37","guid":{"rendered":"http:\/\/olivierniquet.com\/?page_id=13"},"modified":"2024-06-17T15:06:42","modified_gmt":"2024-06-17T19:06:42","slug":"revue-de-presse","status":"publish","type":"page","link":"https:\/\/www.olivierniquet.com\/index.php\/revue-de-presse\/","title":{"rendered":"Revue de presse"},"content":{"rendered":"\n<ul class=\"wp-block-list\">\n<li>La Presse &#8211; <a href=\"https:\/\/www.lapresse.ca\/affaires\/2023-12-19\/courtier-immobilier-sur-la-sellette\/une-emission-de-radio-a-fait-declencher-l-enquete.php?utm_campaign=internal+share&amp;utm_content=twitter&amp;utm_medium=referral&amp;utm_source=lpp&amp;redirectedFrom=https%253A%252F%252Fplus.lapresse.ca%252Fscreens%252Fd05e5b76-47d9-4c91-9dfd-885f9f8a4346__7C___0.html%253Futm_campaign%253Dinternal%252520share%2526utm_content%253Dtwitter%2526utm_medium%253Dreferral%2526utm_source%253Dlpp\">Une \u00e9mission de radio a fait d\u00e9clencher l\u2019enqu\u00eate<\/a><\/li>\n\n\n\n<li>Tout le monde en parle: <a href=\"https:\/\/ici.radio-canada.ca\/tele\/tout-le-monde-en-parle\/site\/segments\/entrevue\/465037\/jean-philippe-wauthier-niquet-girard\">La journ\u00e9e (est encore jeune) : les d\u00e9mons du midi<\/a><\/li>\n\n\n\n<li>La Presse &#8211; <a href=\"https:\/\/www.lapresse.ca\/arts\/musique\/2023-09-23\/l-influence-durable-des-marmottes-aplaties.php?utm_campaign=internal+share&amp;utm_content=ulink&amp;utm_medium=referral&amp;utm_source=lpp&amp;redirectedFrom=https%253A%252F%252Fplus.lapresse.ca%252Fscreens%252F52aeaeeb-af61-4271-bcc4-70d1f6177771__7C___0.html%253Futm_campaign%253Dinternal%252520share%2526utm_content%253Dulink%2526utm_medium%253Dreferral%2526utm_source%253Dlpp\">L\u2019influence durable des Marmottes Aplaties<\/a><\/li>\n\n\n\n<li>Radio-Canada &#8211; <a href=\"https:\/\/ici.radio-canada.ca\/ohdio\/premiere\/emissions\/penelope\/segments\/panel\/453567\/information-nouvelles-reseaux-sociaux-desinformation\">S\u2019informer autrement \u00e0 l\u2019\u00e8re du blocage des informations par Meta<\/a><\/li>\n\n\n\n<li>Le Devoir &#8211; <a href=\"https:\/\/www.ledevoir.com\/societe\/consommation\/786528\/completement-debranche-les-geeks-quebecois-et-la-nostalgie-l-ere-pre-internet\">Les geeks qu\u00e9b\u00e9cois et la nostalgie de l\u2019\u00e8re pr\u00e9-Internet<\/a><\/li>\n\n\n\n<li>24h &#8211; <a href=\"https:\/\/www.24heures.ca\/2022\/03\/31\/dans-lunivers-musical-dolivier-niquet-1\">L&rsquo;univers musical d&rsquo;Olivier Niquet<\/a>.<\/li>\n\n\n\n<li>Le Devoir &#8211; <a href=\"https:\/\/www.ledevoir.com\/opinion\/chroniques\/694155\/poison-d-avril\">Poison d&rsquo;avril<\/a>.<\/li>\n\n\n\n<li>La Presse &#8211; <a href=\"https:\/\/www.lapresse.ca\/arts\/chroniques\/2022-04-03\/olivier-niquet-les-rois-du-silence\/donner-le-micro-aux-introvertis.php\">Donner le micro aux introvertis<\/a><\/li>\n\n\n\n<li>Le Devoir &#8211; <a href=\"https:\/\/www.ledevoir.com\/culture\/695223\/coup-d-essai-confessions-d-un-introverti\">Confessions d&rsquo;un introverti<\/a><\/li>\n\n\n\n<li>Tout un matin &#8211; <a href=\"https:\/\/ici.radio-canada.ca\/ohdio\/premiere\/emissions\/tout-un-matin\/episodes\/618735\/rattrapage-du-lundi-4-avril-2022\/10\">Les rois du silence<\/a><\/li>\n\n\n\n<li>L&rsquo;Actualit\u00e9 &#8211; <a href=\"https:\/\/lactualite.com\/societe\/adoptez-un-introverti\/\">Adoptez un introverti<\/a><\/li>\n\n\n\n<li>Tout le monde en parle &#8211; <a href=\"https:\/\/www.facebook.com\/ToutlemondeenparleRC\/posts\/338825888279142?__cft__[0]=AZUOZgQ68kPhkp2hqAqglfQtu-2r9YsdEJbTJXaVq6xSJvv8B6Xtg2iXBC07eUyX6b5R1pzjWrAEVeNxW-OZwy1GyG0qmR95zh7djTYI9dwGPqIr9qnFcuBuOs--q-WiuFe9UpikPeatrXVFimSV93aTI_nC0xbPyqCGOo1YRI5tDU3zxMaY4sA1PN_OjuyMdKyn9LRr0Be_UKbRwXFgOSyjGr6QbM-CH9LkzROHQNpIsw&amp;__tn__=%2CO%2CP-y-R\">La soir\u00e9e est encore jeune<\/a><\/li>\n\n\n\n<li>Journal M\u00e9tro &#8211; <a href=\"https:\/\/journalmetro.com\/culture\/arts-et-spectacles\/2801823\/rois-silence-coup-projecteur-olivier-niquet-introvertis\/\">\u00abLes rois du silence\u00bb: le coup de projecteur d\u2019Olivier Niquet sur les introvertis<\/a><\/li>\n\n\n\n<li>On va se le dire &#8211; <a href=\"https:\/\/ici.radio-canada.ca\/tele\/on-va-se-le-dire\/site\/segments\/chronique\/396860\/sebastien-diaz-olivier-niquet-introvertis-livre\">Plaidoyer pour les personnes introverties<\/a><\/li>\n\n\n\n<li>Entrevue \u00e0 CKRL &#8211; <a href=\"https:\/\/www.facebook.com\/julielitaulitcollin\/posts\/1669977740010150\">Bouquins et confidences<\/a><\/li>\n\n\n\n<li>La Presse &#8211; <a href=\"https:\/\/www.lapresse.ca\/arts\/chroniques\/2022-04-18\/la-fin-de-la-soiree-est-encore-jeune.php\">La fin de La soir\u00e9e est (encore) jeune<\/a><\/li>\n\n\n\n<li>Le Devoir &#8211; <a href=\"https:\/\/www.ledevoir.com\/culture\/ecrans\/707673\/critique-ecrans-ma-ville-aux-rayons-x-aux-origines-des-maux-de-notre-societe\">\u00abMa ville aux rayons X\u00bb: aux origines des maux de notre soci\u00e9t\u00e9<\/a><\/li>\n\n\n\n<li>Urbania &#8211; <a href=\"https:\/\/urbania.ca\/article\/letroite-relation-entre-urbanisme-et-sante-vue-par-olivier-niquet\">L\u2019\u00e9troite relation entre urbanisme et sant\u00e9, vue par Olivier Niquet<\/a><\/li>\n\n\n\n<li>Le Quotidien &#8211; <a href=\"https:\/\/www.lequotidien.com\/2022\/08\/04\/un-balado-pour-decouvrir-les-escales-gourmandes-de-la-region-364c3240f3e69fe39938f14c0d435441\">Un balado pour d\u00e9couvrir les escales gourmandes de la r\u00e9gion<\/a><\/li>\n\n\n\n<li>La Presse &#8211; <a href=\"https:\/\/plus.lapresse.ca\/screens\/1b7ab5ab-3f07-4a6d-90ba-5b3b9a75e658__7C___0.html\">Pi\u00e9tons Qu\u00e9bec invite \u00e0 se d\u00e9placer \u00e0 pied<\/a><\/li>\n\n\n\n<li><a href=\"https:\/\/www.lapresse.ca\/societe\/2021-03-04\/quand-le-confinement-devient-normal-et-assez-confortable.php\">Quand le confinement devient normal (et assez confortable)<\/a><\/li>\n\n\n\n<li><a href=\"https:\/\/www.985fm.ca\/nouvelles\/showbiz\/383964\/olivier-niquet-presente-son-deuxieme-tome-des-meilleurs-lapsus-du-sport\">Olivier Niquet pr\u00e9sente son deuxi\u00e8me tome des meilleurs lapsus du sport<\/a><\/li>\n\n\n\n<li><a href=\"https:\/\/lesecrans.ca\/olivier-niquet-club-des-mal-cites\/\">Olivier Niquet, collectionneur de la b\u00eatise<\/a><\/li>\n\n\n\n<li><a href=\"https:\/\/www.youtube.com\/watch?v=GIax-mtRAHI\">Pas en direct de Tokyo avec Olivier Niquet<\/a><\/li>\n\n\n\n<li><a href=\"https:\/\/www.facebook.com\/watch\/?v=281254287395587&amp;ref=sharing\">Entrevue \u00e0 l&rsquo;\u00e9mission Les d\u00e9crypteurs<\/a>.<\/li>\n\n\n\n<li>5 f\u00e9vrier 2020 &#8211; <a href=\"https:\/\/www.lapresse.ca\/arts\/202002\/04\/01-5259589-halte-la-le-sportnographe-est-encore-la-.php\">Halte l\u00e0! Le Sportnographe est (encore) l\u00e0<\/a><\/li>\n\n\n\n<li>5 f\u00e9vrier 2020 &#8211; <a href=\"https:\/\/ici.radio-canada.ca\/nouvelle\/1507610\/sportnographe-retour-balado-pleau-niquet-wauthier\">Le Sportnographe est de retour<\/a><\/li>\n\n\n\n<li>23 octobre 2020 &#8211; <a href=\"https:\/\/ici.radio-canada.ca\/premiere\/emissions\/plus-on-est-de-fous-plus-on-lit\/segments\/entrevue\/206544\/olivier-niquet-dans-mon-livre-a-moi-la-soiree-est-encore-jeune?fbclid=IwAR1KVAg3OiHhJjHbaBjndUr_HDt4OUcsyw8Fxfd5iacLPfpJcum2B9qdMho\">La liste de l&rsquo;invit\u00e9<\/a> \u00e0 Plus on est de fous, plus on lit<\/li>\n\n\n\n<li>21 octobre 2020 &#8211; <a href=\"https:\/\/919sports.ca\/91-9-sports\/entrevue-avec-olivier-niquet\/2020\/10\/20\/?fbclid=IwAR0VqiPMYIhYTlCBd66aTU0199K-AJ32vcc1CJH3p4jeBwmbJiXnYhXeF6c\">Entrevue au 91,9 Sports<\/a><\/li>\n\n\n\n<li>24 octobre 2020 &#8211; <a href=\"https:\/\/www.ledroit.com\/sports\/les-plus-savoureux-lapsus-sportifs-cc545aa064e540a538af2f5ec0325648?fbclid=IwAR2fhTCyDthtUnDfj0nKlDMxHKXvTWM4j3nfspcd_jgqRuOJ25ZJr7-y2lA\">Les plus savoureux lapsus sportifs<\/a> &#8211; Le Droit<\/li>\n\n\n\n<li>16 novembre 2019: <a href=\"https:\/\/www.lapresse.ca\/arts\/television\/201911\/15\/01-5249950-photoreportage-la-soiree-nest-plus-si-jeune.php?fbclid=IwAR32VjbsDjy-bxoTwAdKqVmF-OsOu6cPjwMW5N3vIDNIBaqvXYeRsMkUer0\">La soir\u00e9e (n&rsquo;est plus tr\u00e8s) jeune<\/a><\/li>\n\n\n\n<li>17 octobre 2019: <a href=\"https:\/\/ici.radio-canada.ca\/nouvelle\/1348361\/nominations-gala-olivier-julien-lacroix-marie-lyne-joncas-mike-ward-menent-course\">Gala Les Olivier&nbsp;: Julien Lacroix, Marie-Lyne Joncas et Mike Ward m\u00e8nent la course<\/a><\/li>\n\n\n\n<li>13 septembre 2019: <a href=\"https:\/\/ici.radio-canada.ca\/nouvelle\/1298470\/prix-gemeaux-2019-soiree-artisans-documentaire\">Soir\u00e9e des artisans des G\u00e9meaux : Radio-Canada s&rsquo;illustre<\/a><\/li>\n\n\n\n<li>14 ao\u00fbt 2019: <a href=\"https:\/\/www.lesoleil.com\/arts\/souvenirs-et-bien-cuit-pour-les-20-ans-du-comediha-421fb6b8ce459337826186d4cca07367\">Souvenirs et bien-cuit pour les 20 ans du ComediHa!<\/a><\/li>\n\n\n\n<li>12 juillet 2019: <a href=\"https:\/\/ici.radio-canada.ca\/premiere\/emissions\/matinale-ete\/segments\/entrevue\/124951\/soiree-encore-jeune-juste-pour-rire-festival-zoofest-jean-sebastien-girard-olivier-niquet-jean-philippe-wauthier-presque-500e?fbclid=IwAR3AUXo5QsOytJL20EoCNgawrT2D0rvRMdupMlBmjpiM93-fEUbRLlNDuIs\">Les d\u00e9fis d&rsquo;une sc\u00e8ne ext\u00e9rieure pour La soir\u00e9e est (encore) jeune<\/a><\/li>\n\n\n\n<li>3 juin 2019: Participation au 600e \u00e9pisode des <a href=\"http:\/\/www.mysterieuxetonnants.com\/emission-600-600e-des-mysterieux-etonnants\/\">Myst\u00e9rieux \u00e9tonnants<\/a>.<\/li>\n\n\n\n<li>10 mai 2019: Entrevue au 91,9 Sports &#8211; <a href=\"https:\/\/919sports.ca\/on-parle-de-sport\/article\/lentr\u00e9e-des-artistes-avec-olivier-niquet-partie-1?fbclid=IwAR1lGTV0Y2piUKeGyZEzdNMmmK_pusQIh9ESdnEiM1cTH5JSktf99tb1vqA\">L&rsquo;entr\u00e9e des artistes avec Olivier Niquet<\/a>.<\/li>\n\n\n\n<li>29 avril 2019: <a href=\"https:\/\/ici.radio-canada.ca\/nouvelle\/1166818\/la-soiree-est-encore-jeune-juste-pour-rire-spectacle\">La soir\u00e9e est (encore) jeune \u00e0 Juste pour rire<\/a>.<\/li>\n\n\n\n<li>14 mars 2019: Entrevue au balado <a href=\"https:\/\/podcasts.apple.com\/ca\/podcast\/spart-30\/id1368058859\">Spart 30<\/a>.<\/li>\n\n\n\n<li>19 janvier 2019:&nbsp;<a href=\"https:\/\/www.lapresse.ca\/arts\/medias\/201901\/18\/01-5211599-olivier-niquet-pour-ou-contre.php\">Olivier Niquet \u2013 Pour ou contre<\/a><\/li>\n\n\n\n<li>15 octobre 2018 :&nbsp;<a href=\"https:\/\/www.fm93.com\/nouvelles\/politique\/156830\/qui-sont-les-politiciens-les-plus-droles\">Entrevue avec Bernard Drainville au 98,5 FM<\/a>.<\/li>\n\n\n\n<li>6 octobre 2018 :&nbsp;<a href=\"https:\/\/www.lesoleil.com\/arts\/livres\/panorama-vu-lu-entendu-cette-semaine-470df11d7cf7e9dc02bc9993a33717f6\">Critique du journal Le Soleil<\/a>.<\/li>\n\n\n\n<li>1er octobre 2018 :&nbsp;<a href=\"https:\/\/noovo.ca\/videos\/le-show-de-rousseau\/les-six-exclus-doccupation-double-grece-alex-perron-et-olivier-niquet?utm_source=twitter&amp;utm_medium=social&amp;utm_campaign=catchup&amp;utm_term=les-six-exclus-doccupation-double-grece-alex-perron-et-olivier-niquet&amp;utm_content=v\">Passage au Show de Rousseau<\/a>.<\/li>\n\n\n\n<li>25 septembre 2018 :&nbsp;<a href=\"http:\/\/journalmetro.com\/actualites\/national\/1817087\/olivier-niquet-le-meilleur-du-pire-des-politiciens-dici\/\">Le meilleur du pire des politiciens d\u2019ici, selon Olivier Niquet<\/a>.<\/li>\n\n\n\n<li>24 septembre 2018 :&nbsp;<a href=\"https:\/\/soundcloud.com\/jerome-landry-energie\/jerome-landry-au-retour-jerome-sentretient-avec-olivier-niquet-qui-leut-cru\">Entrevue avec J\u00e9r\u00f4me Landry de NRJ \u00e0 Qu\u00e9bec<\/a>.<\/li>\n\n\n\n<li>24 septembre 2018 :&nbsp;<a href=\"https:\/\/ici.radio-canada.ca\/premiere\/emissions\/medium-large\/segments\/entrevue\/88162\/le-club-des-mal-cites-olivier-niquet-livre\">Entrevue avec Catherine Perrin \u00e0 M\u00e9dium larg<\/a>e.<\/li>\n\n\n\n<li>22 septembre 2018 :&nbsp;<a href=\"https:\/\/www.ledevoir.com\/lire\/537225\/les-flaneurs\">Tr\u00e9sors de la langue (fourchue)<\/a>.<\/li>\n\n\n\n<li>28 ao\u00fbt 2018 :&nbsp;<a href=\"http:\/\/www.pieuvre.ca\/2018\/08\/28\/olivier-niquet-entre-au-club-des-mal-cites-par-la-grande-porte\/\">Olivier Niquet entre au Club des mal cit\u00e9s par la grande porte<\/a><\/li>\n\n\n\n<li>26 mars 2018 : Entrevue dans le cadre du balado&nbsp;<a href=\"http:\/\/www.mysterieuxetonnants.com\/emission-540-louis-louis-louis\/\">Les myst\u00e9rieux \u00e9tonnants<\/a>.<\/li>\n\n\n\n<li>4 mars 2018 : Entrevue dans le cadre du balado&nbsp;<a href=\"https:\/\/www.youtube.com\/watch?v=Tl9JCkKA5z0&amp;feature=youtu.be\">Drette su\u2019l tape<\/a>.<\/li>\n\n\n\n<li>29 d\u00e9cembre 2017 :&nbsp;<a href=\"http:\/\/www.journaldequebec.com\/2017\/12\/29\/culture-radiophonique\">Culture radiophonique<\/a>.<\/li>\n\n\n\n<li>3 novembre 2017 :&nbsp;<a href=\"https:\/\/www.ballecourbe.ca\/dans-mon-livre-a-moi-livre-parfait-longue-saison-hockey\">\u00ab\u2009Dans mon livre \u00e0 moi\u2009\u00bb, le livre parfait pour une longue saison de hockey<\/a>.<\/li>\n\n\n\n<li>20 octobre 2017 : La Presse:&nbsp;<a href=\"http:\/\/plus.lapresse.ca\/screens\/ddd1f997-63fb-4a42-bec9-d3da1b83b4b7%7C_0.html\">Plus de 400 citations sportives\u2026 et loufoques!<\/a><\/li>\n\n\n\n<li>15 octobre 2017 : Jean Dion \u00e0 propos de \u201cDans mon livre \u00e0 moi\u201d \u00e0&nbsp;<a href=\"http:\/\/ici.radio-canada.ca\/premiere\/emissions\/dessine-moi-un-dimanche\/episodes\/391925\/audio-fil-du-dimanche-15-octobre-2017\/5\">Dessine-moi un dimanche<\/a>.<\/li>\n\n\n\n<li>13 octobre 2017 :&nbsp;<a href=\"http:\/\/ici.radio-canada.ca\/premiere\/emissions\/Les-matins-d-ici\/episodes\/391881\/audio-fil-du-vendredi-13-octobre-2017\/25\">Entrevue avec Philippe Marcoux \u00e0 Ottawa<\/a>.<\/li>\n\n\n\n<li>12 octobre 2017 : Critique de Dans mon livre \u00e0 moi par&nbsp;<a href=\"http:\/\/www.rds.ca\/videos\/autres\/j-mca-avec-mc-gilles-les-citations-sportives-caucasses-3.1249032http:\/\/www.rds.ca\/videos\/autres\/j-mca-avec-mc-gilles-les-citations-sportives-caucasses-3.1249032\">MC Gilles \u00e0 RDS<\/a>.<\/li>\n\n\n\n<li>11 octobre 2017 : \u201c<a href=\"http:\/\/www.ledevoir.com\/culture\/livres\/510049\/olivier-niquet-parler-francais-sur-la-bottine\">Parler fran\u00e7ais sur la bottine avec Olivier Niquet<\/a>\u201d<\/li>\n\n\n\n<li>10 octobre 2017 : Entrevue au Journal M\u00e9tro \u201c<a href=\"http:\/\/journalmetro.com\/sports\/1209651\/olivier-niquet-et-son-amour-des-bourdes\/\">Olivier Niquet et son amour des bourdes<\/a>\u201c. Bonus&nbsp;<a href=\"https:\/\/www.facebook.com\/journalmetro\/videos\/10155836110319525\/\">vid\u00e9o<\/a>.<\/li>\n\n\n\n<li>4 octobre 2017 :&nbsp;<a href=\"http:\/\/ici.radio-canada.ca\/premiere\/emissions\/Le-reveil-Nouveau-Brunswick\/episodes\/391194\/audio-fil-du-mercredi-4-octobre-2017\/17\">Entrevue \u00e0 ICI Radio-Canada Moncton<\/a>.<\/li>\n\n\n\n<li>10 septembre 2017 :&nbsp;<a href=\"http:\/\/ici.radio-canada.ca\/premiere\/emissions\/la-soiree-est-encore-jeune\/episodes\/389354\/audio-fil-du-dimanche-10-septembre-2017\/2\">Entrevue \u00e0 En attendant La soir\u00e9e<\/a>.<\/li>\n\n\n\n<li>15 mars 2017 :&nbsp;<a href=\"http:\/\/ici.radio-canada.ca\/emissions\/medium_large\/2014-2015\/chronique.asp?idChronique=431309\">Olivier et Julien Niquet : deux fr\u00e8res li\u00e9s par le sens des affaires<\/a>.<\/li>\n\n\n\n<li>15 mars 2017 :&nbsp;<a href=\"http:\/\/blogue.artv.ca\/2017\/03\/montreal-olivier-niquet\/\">Montr\u00e9al sous la loupe d\u2019Olivier Niquet<\/a><\/li>\n\n\n\n<li>18 janvier 2017 :&nbsp;<a rel=\"noreferrer noopener\" href=\"http:\/\/journalmetro.com\/culture\/1078289\/predictions-2017-nostradamus-humoristique\/\" target=\"_blank\">Pr\u00e9dictions 2017: Nostradamus humoristique<\/a><\/li>\n\n\n\n<li>18 janvier 2017 :&nbsp;<a rel=\"noreferrer noopener\" href=\"http:\/\/www.lapresse.ca\/arts\/spectacles-et-theatre\/critiques-de-spectacles\/201701\/19\/01-5061032-predictions-2017-la-soiree-est-assez-reussie.php\" target=\"_blank\">Pr\u00e9dictions 2017: la soir\u00e9e est (assez) r\u00e9ussie<\/a><\/li>\n\n\n\n<li>18 janvier 2017 :&nbsp;<a rel=\"noreferrer noopener\" href=\"http:\/\/quebec.huffingtonpost.ca\/2017\/01\/19\/predictions-2017-critique_n_14265046.html?utm_hp_ref=divertissement\" target=\"_blank\">Pr\u00e9dictions 2017: une mitraille sans piti\u00e9<\/a><\/li>\n\n\n\n<li>18 janvier 2017 :&nbsp;<a rel=\"noreferrer noopener\" href=\"http:\/\/www.journaldemontreal.com\/2017\/01\/18\/predictions-2017-lavenir-mis-a-nu\" target=\"_blank\">Pr\u00e9dictions 2017: l\u2019avenir mis \u00e0 nu<\/a><\/li>\n\n\n\n<li>9 janvier 2017 :&nbsp;<a rel=\"noreferrer noopener\" href=\"http:\/\/www.ledevoir.com\/culture\/theatre\/488725\/theatre-retour-vers-le-futur\" target=\"_blank\">Retour vers le futur<\/a><\/li>\n\n\n\n<li>6 janvier 2017 :&nbsp;<a rel=\"noreferrer noopener\" href=\"http:\/\/www.ledevoir.com\/societe\/actualites-en-societe\/488588\/meilleurs-voeux-d-olivier-niquet\" target=\"_blank\">Les meilleurs voeux\u2026 d\u2019Olivier Niquet<\/a><\/li>\n\n\n\n<li>4 janvier 2017 :&nbsp;<a rel=\"noreferrer noopener\" href=\"http:\/\/www.journaldemontreal.com\/2017\/01\/04\/un-betisier-2016-plus-inclusif\" target=\"_blank\">Un b\u00eatisier 2016 plus inclusif<\/a><\/li>\n\n\n\n<li>4 janvier 2017 :&nbsp;<a rel=\"noreferrer noopener\" href=\"http:\/\/www.lapresse.ca\/debats\/chroniques\/mario-girard\/201701\/03\/01-5056400-loriginal-meilleur-que-la-copie.php\" target=\"_blank\">L\u2019original, meilleur que la copie?<\/a>&nbsp;(Critique du B\u00eatisier 2016)<\/li>\n\n\n\n<li>18 f\u00e9vrier 2016 :&nbsp;<a rel=\"noreferrer noopener\" href=\"http:\/\/www.lapresse.ca\/debats\/chroniques\/mario-girard\/201602\/15\/01-4950901-laudace-et-rien-dautre.php\" target=\"_blank\">L\u2019audace et rien d\u2019autre<\/a><\/li>\n\n\n\n<li>16 octobre 2016 :&nbsp;<a rel=\"noreferrer noopener\" href=\"http:\/\/plus.lapresse.ca\/screens\/75d5d433-3b8e-4697-9ac5-16f51e388b3e%7C_0.html\" target=\"_blank\">La revanche du timide \u2013 Portrait d\u2019Olivier Niquet<\/a><\/li>\n\n\n\n<li>10 juin 2016 : \u201cAvec une augmentation de 26,3 % de ses auditeurs, La soir\u00e9e est (encore) jeune semble \u00eatre&nbsp;<a rel=\"noreferrer noopener\" href=\"http:\/\/www.lapresse.ca\/arts\/medias\/201606\/10\/01-4990447-ici-radio-canada-premiere-encore-en-baisse.php\" target=\"_blank\">l\u2019\u00e9mission chouchou d\u2019ICI Radio-Canada Premi\u00e8re<\/a>. Il faut dire que gr\u00e2ce \u00e0 ses 35 920 fid\u00e8les en moyenne par minute, l\u2019\u00e9mission talonne les cotes d\u2019\u00e9coute de Gravel le matin avec une diff\u00e9rence de seulement 1820 auditeurs !\u201d<\/li>\n\n\n\n<li>10 juin 2016 :&nbsp;<a rel=\"noreferrer noopener\" href=\"http:\/\/ici.radio-canada.ca\/nouvelle\/786469\/franco-nuovo-la-soiree-est-encore-jeune\" target=\"_blank\">Les quatre mousquetaires de La soir\u00e9e est (encore) jeune<\/a><\/li>\n\n\n\n<li>21 mars 2016 :&nbsp;<a rel=\"noreferrer noopener\" href=\"http:\/\/quebec.huffingtonpost.ca\/2016\/03\/21\/la-soiree-est-encore-jeune-artv_n_9518140.html\" target=\"_blank\">\u00abLa soir\u00e9e est (encore) jeune\u00bb de retour \u00e0 ARTV \u00e0 l\u2019automne<\/a><\/li>\n\n\n\n<li>31 janvier 2016 :&nbsp;<a href=\"http:\/\/www.rumeurduloup.com\/entrevue-avec-olivier-niquet-discret-il-devoile-la-verite\/\">Entrevue avec Olivier Niquet : Discret, il d\u00e9voile la v\u00e9rit\u00e9<\/a><\/li>\n\n\n\n<li>10 novembre 2015 :&nbsp;<a rel=\"noreferrer noopener\" href=\"http:\/\/journalmetro.com\/opinions\/871581\/passage-concluant-a-la-tele-pour-la-soiree-est-encore-jeune\/\" target=\"_blank\">Passage concluant \u00e0 la t\u00e9l\u00e9 pour La soir\u00e9e est (encore) jeune<\/a><\/li>\n\n\n\n<li>9 octobre 2015 :&nbsp;<a rel=\"noreferrer noopener\" href=\"http:\/\/www.journaldemontreal.com\/2015\/10\/07\/les-spice-boys\" target=\"_blank\">Les Spice boys<\/a><\/li>\n\n\n\n<li>23 juin 2015 :&nbsp;<a rel=\"noreferrer noopener\" href=\"http:\/\/www.lapresse.ca\/debats\/chroniques\/nathalie-petrowski\/201506\/20\/01-4879701-on-nest-jamais-trop-jeune.php\" target=\"_blank\">On n\u2019est jamais trop jeune\u2026<\/a><\/li>\n\n\n\n<li>28 avril 2015 :&nbsp;<a rel=\"noreferrer noopener\" href=\"http:\/\/www.ledevoir.com\/culture\/television\/438519\/la-soiree-est-encore-jeune-a-la-tele\" target=\"_blank\">\u00abLa soir\u00e9e est (encore) jeune\u00bb \u00e0 la t\u00e9l\u00e9<\/a><\/li>\n\n\n\n<li>8 juin 2012 : \u201cDe m\u00eame, la radio publique peut se r\u00e9jouir du score de certaines \u00e9missions humoristiques: \u00c0 la semaine prochaine (19,4) et Le Sportnographe (19,1).&nbsp;<a rel=\"noreferrer noopener\" href=\"http:\/\/www.ledevoir.com\/societe\/medias\/351943\/98-5-fm-ecrase-la-premiere-chaine\" target=\"_blank\">Malheureusement, cette derni\u00e8re dispara\u00eet des ondes<\/a>\u201d<\/li>\n\n\n\n<li>10 mai 2012 :&nbsp;<a rel=\"noreferrer noopener\" href=\"http:\/\/www.ledevoir.com\/societe\/medias\/349676\/le-sportnographe-quitte-la-premiere-chaine-de-radio-canada\" target=\"_blank\">Le sportnographe quitte la Premi\u00e8re Cha\u00eene de Radio-Canada<\/a><\/li>\n\n\n\n<li>13 avril 2012 :&nbsp;<a rel=\"noreferrer noopener\" href=\"http:\/\/www.ledevoir.com\/societe\/medias\/347328\/le-spornographe-sur-la-glace\" target=\"_blank\">Le Spornographe sur la glace<\/a><\/li>\n\n\n\n<li>4 mars 2012 : \u201cParlant de m\u00e9chantes langues, les pires dans le sport, sont celles du \u00adsportnographe. Leur \u00e9mission \u00e0 la radio de Radio-Canada est souvent&nbsp;<a rel=\"noreferrer noopener\" href=\"http:\/\/www.journaldemontreal.com\/2012\/03\/04\/au-secours-les-fefans\" target=\"_blank\">un petit bijou<\/a>.\u201d<\/li>\n<\/ul>\n","protected":false},"excerpt":{"rendered":"","protected":false},"author":1,"featured_media":0,"parent":0,"menu_order":0,"comment_status":"closed","ping_status":"open","template":"template-networks.php","meta":{"footnotes":""},"class_list":["post-13","page","type-page","status-publish","hentry"],"jetpack_sharing_enabled":true,"_links":{"self":[{"href":"https:\/\/www.olivierniquet.com\/index.php\/wp-json\/wp\/v2\/pages\/13","targetHints":{"allow":["GET"]}}],"collection":[{"href":"https:\/\/www.olivierniquet.com\/index.php\/wp-json\/wp\/v2\/pages"}],"about":[{"href":"https:\/\/www.olivierniquet.com\/index.php\/wp-json\/wp\/v2\/types\/page"}],"author":[{"embeddable":true,"href":"https:\/\/www.olivierniquet.com\/index.php\/wp-json\/wp\/v2\/users\/1"}],"replies":[{"embeddable":true,"href":"https:\/\/www.olivierniquet.com\/index.php\/wp-json\/wp\/v2\/comments?post=13"}],"version-history":[{"count":1,"href":"https:\/\/www.olivierniquet.com\/index.php\/wp-json\/wp\/v2\/pages\/13\/revisions"}],"predecessor-version":[{"id":5105,"href":"https:\/\/www.olivierniquet.com\/index.php\/wp-json\/wp\/v2\/pages\/13\/revisions\/5105"}],"wp:attachment":[{"href":"https:\/\/www.olivierniquet.com\/index.php\/wp-json\/wp\/v2\/media?parent=13"}],"curies":[{"name":"wp","href":"https:\/\/api.w.org\/{rel}","templated":true}]}}